{"id":34977,"date":"2018-06-29T13:26:47","date_gmt":"2018-06-29T13:26:47","guid":{"rendered":"https:\/\/theme-dev.cmsmasters.net\/physiozen\/?page_id=34977"},"modified":"2018-06-29T13:26:47","modified_gmt":"2018-06-29T13:26:47","slug":"blog-page","status":"publish","type":"page","link":"https:\/\/myamritalife.com\/es\/blog-page\/","title":{"rendered":"P\u00e1gina del blog"},"content":{"rendered":"<div data-elementor-type=\"wp-page\" data-elementor-id=\"34977\" class=\"elementor elementor-34977\">\n\t\t\t\t<div class=\"elementor-element elementor-element-0fb6fc0 e-flex e-con-boxed cmsmasters-block-default e-con e-parent\" data-id=\"0fb6fc0\" data-element_type=\"container\" data-e-type=\"container\" data-settings=\"{&quot;background_background&quot;:&quot;gradient&quot;}\">\n\t\t\t\t\t<div class=\"e-con-inner\">\n\t\t\t\t<div class=\"elementor-element elementor-element-88ab021 cmsmasters-breadcrumbs-alignment-center cmsmasters-breadcrumbs-alignment-mobile-center cmsmasters-breadcrumbs-alignment-tablet-center cmsmasters-separator-type-text cmsmasters-block-default cmsmasters-sticky-default elementor-widget elementor-widget-cmsmasters-breadcrumbs cmsmasters-widget-breadcrumbs\" data-id=\"88ab021\" data-element_type=\"widget\" data-e-type=\"widget\" data-widget_type=\"cmsmasters-breadcrumbs.default\">\n\t\t\t\t\t<div class=\"cmsmasters-widget-breadcrumbs__container\"><div class=\"cmsmasters-widget-breadcrumbs__content\"><a href=\"https:\/\/myamritalife.com\/es\/\" class=\"cmsmasters-home\">Inicio<\/a><span class=\"cmsmasters-widget-breadcrumbs__sep\"><span>\/<\/span><\/span><span>No breadcrumbs<\/span><\/div><\/div>\t\t\t\t<\/div>\n\t\t\t\t<div data-separate-animation-selector=\".cmsmasters-widget-title__heading\" data-text-animation-class=\"sequental, random, line, word, char\" class=\"elementor-element elementor-element-3c1fdb7 cmsmasters-line-clamp-no cmsmasters-color-variation-default cmsmasters-pointer-none cmsmasters-block-default cmsmasters-sticky-default elementor-widget elementor-widget-cmsmasters-page-title cmsmasters-widget-title\" data-id=\"3c1fdb7\" data-element_type=\"widget\" data-e-type=\"widget\" data-widget_type=\"cmsmasters-page-title.default\">\n\t\t\t\t\t<h1 class=\"entry-title cmsmasters-widget-title__heading\">Archivos<\/h1>\t\t\t\t<\/div>\n\t\t\t\t\t<\/div>\n\t\t\t\t<\/div>\n\t\t<div class=\"elementor-element elementor-element-71841b3 e-flex e-con-boxed cmsmasters-block-default e-con e-parent\" data-id=\"71841b3\" data-element_type=\"container\" data-e-type=\"container\">\n\t\t\t\t\t<div class=\"e-con-inner\">\n\t\t\t\t<div class=\"elementor-element elementor-element-2072109 cmsmasters-blog--layout-custom cmsmasters-blog-grid-marker__marker-icon cmsmasters-block-default cmsmasters-sticky-default elementor-widget elementor-widget-cmsmasters-blog-grid elementor-widget-cmsmasters-blog-similar\" data-id=\"2072109\" data-element_type=\"widget\" data-e-type=\"widget\" data-settings=\"{&quot;blog_layout&quot;:&quot;custom&quot;,&quot;blog_template_id&quot;:&quot;168&quot;,&quot;columns_tablet&quot;:&quot;2&quot;,&quot;post_gap_column&quot;:{&quot;unit&quot;:&quot;px&quot;,&quot;size&quot;:30,&quot;sizes&quot;:[]},&quot;post_gap_row&quot;:{&quot;unit&quot;:&quot;px&quot;,&quot;size&quot;:50,&quot;sizes&quot;:[]},&quot;post_gap_row_tablet&quot;:{&quot;unit&quot;:&quot;px&quot;,&quot;size&quot;:50,&quot;sizes&quot;:[]},&quot;post_gap_row_mobile&quot;:{&quot;unit&quot;:&quot;px&quot;,&quot;size&quot;:30,&quot;sizes&quot;:[]},&quot;columns&quot;:3,&quot;columns_mobile&quot;:&quot;1&quot;,&quot;blog_post_type&quot;:&quot;post&quot;,&quot;query_control_prefix&quot;:&quot;blog&quot;,&quot;post_gap_column_widescreen&quot;:{&quot;unit&quot;:&quot;px&quot;,&quot;size&quot;:&quot;&quot;,&quot;sizes&quot;:[]},&quot;post_gap_column_tablet&quot;:{&quot;unit&quot;:&quot;px&quot;,&quot;size&quot;:&quot;&quot;,&quot;sizes&quot;:[]},&quot;post_gap_row_widescreen&quot;:{&quot;unit&quot;:&quot;px&quot;,&quot;size&quot;:&quot;&quot;,&quot;sizes&quot;:[]}}\" data-widget_type=\"cmsmasters-blog-grid.default\" data-document-id=\"34977\">\n\t\t\t\t\t<div class=\"cmsmasters-blog cmsmasters-blog-grid cmsmasters-blog--type-default\"><div class=\"cmsmasters-blog__posts-variable\"><div class=\"cmsmasters-blog__posts-wrap\"><div class=\"cmsmasters-blog__posts\"><article id=\"post-44996\" class=\"cmsmasters-blog__post post-44996 post type-post status-publish format-standard has-post-thumbnail hentry category-bioidentical-hormone-replacement-therapy-bhrt category-womens-health\"><div class=\"cmsmasters-blog__post-inner\"><div data-elementor-type=\"cmsmasters_entry\" data-elementor-id=\"168\" class=\"elementor elementor-168\">\t\t\t<div class=\"elementor-inner\">\r\n\t\t\t\t<div class=\"elementor-section-wrap\">\r\n\t\t\t\t\t<div class=\"elementor-element elementor-element-534dc56 e-con-full e-flex cmsmasters-block-default e-con e-parent\" data-id=\"534dc56\" data-element_type=\"container\" data-e-type=\"container\">\n\t\t\t\t<div class=\"elementor-element elementor-element-7ac16304 cmsmasters-object-fit cmsmasters-object-fit-cover cmsmasters-block-default cmsmasters-sticky-default elementor-widget elementor-widget-cmsmasters-post-featured-image cmsmasters-widget-image\" data-id=\"7ac16304\" data-element_type=\"widget\" data-e-type=\"widget\" data-widget_type=\"cmsmasters-post-featured-image.default\">\n\t\t\t\t\t<div class=\"cmsmasters-widget-image__wrap\"><a href=\"https:\/\/myamritalife.com\/es\/bioidentical-hormone-replacement-therapy-bhrt\/elementor-44996\/\" data-elementor-open-lightbox=\"\" aria-label=\"Featured Image\"><img fetchpriority=\"high\" decoding=\"async\" width=\"784\" height=\"1168\" src=\"https:\/\/myamritalife.com\/wp-content\/uploads\/2026\/01\/insulin-resistance-an-intriguing-conundrum.jpg\" class=\"attachment-full size-full wp-image-45011\" alt=\"\" srcset=\"https:\/\/myamritalife.com\/wp-content\/uploads\/2026\/01\/insulin-resistance-an-intriguing-conundrum.jpg 784w, https:\/\/myamritalife.com\/wp-content\/uploads\/2026\/01\/insulin-resistance-an-intriguing-conundrum-201x300.jpg 201w, https:\/\/myamritalife.com\/wp-content\/uploads\/2026\/01\/insulin-resistance-an-intriguing-conundrum-687x1024.jpg 687w, https:\/\/myamritalife.com\/wp-content\/uploads\/2026\/01\/insulin-resistance-an-intriguing-conundrum-768x1144.jpg 768w, https:\/\/myamritalife.com\/wp-content\/uploads\/2026\/01\/insulin-resistance-an-intriguing-conundrum-600x894.jpg 600w\" sizes=\"(max-width: 784px) 100vw, 784px\" \/><\/a><\/div>\t\t\t\t<\/div>\n\t\t\t\t<div class=\"elementor-element elementor-element-654b162a cmsmasters-count--dir-row cmsmasters-block-default cmsmasters-sticky-default elementor-widget elementor-widget-cmsmasters-meta-data\" data-id=\"654b162a\" data-element_type=\"widget\" data-e-type=\"widget\" data-widget_type=\"cmsmasters-meta-data.default\">\n\t\t\t\t\t\t\t<div class=\"cmsmasters-meta-data\">\r\n\t\t\t<div class=\"cmsmasters-meta-data__inner\">\r\n\t\t\t\t<div class=\"cmsmasters-meta-data__item elementor-repeater-item-2b7bd1c\"><div class=\"cmsmasters-meta-data__item__inner\"><span data-taxonomy=\"category\" class=\"cmsmasters-postmeta\" data-name=\"taxonomy\"><span class=\"cmsmasters-postmeta__inner\"><span class=\"cmsmasters-postmeta__content\"><span class=\"term-wrap\"><a class=\"term\" rel=\"category tag\" href=\"https:\/\/myamritalife.com\/es\/category\/bioidentical-hormone-replacement-therapy-bhrt\/\"><span>Terapia de reemplazo hormonal bioid\u00e9ntica (BHRT)<\/span><\/a><span class=\"item-sep\"><\/span><\/span><span class=\"term-wrap\"><a class=\"term\" rel=\"category tag\" href=\"https:\/\/myamritalife.com\/es\/category\/womens-health\/\"><span>Salud femenina<\/span><\/a><span class=\"item-sep\"><\/span><\/span><\/span><\/span><\/span><\/div><\/div>\t\t\t<\/div>\r\n\t\t<\/div>\r\n\t\t\t\t\t\t<\/div>\n\t\t\t\t<div data-separate-animation-selector=\".cmsmasters-widget-title__heading\" data-text-animation-class=\"sequental, random, line, word, char\" class=\"elementor-element elementor-element-42140930 cmsmasters-line-clamp-yes cmsmasters-color-variation-default cmsmasters-pointer-none cmsmasters-block-default cmsmasters-sticky-default elementor-widget elementor-widget-cmsmasters-post-title cmsmasters-widget-title\" data-id=\"42140930\" data-element_type=\"widget\" data-e-type=\"widget\" data-widget_type=\"cmsmasters-post-title.default\">\n\t\t\t\t\t<h5 class=\"entry-title cmsmasters-widget-title__heading\" title=\"Resistencia a la insulina, s\u00edndrome metab\u00f3lico y ovarios poliqu\u00edsticos: un intrigante enigma\"><a href=\"https:\/\/myamritalife.com\/es\/bioidentical-hormone-replacement-therapy-bhrt\/elementor-44996\/\">Resistencia a la insulina, s\u00edndrome metab\u00f3lico y ovarios poliqu\u00edsticos: un intrigante enigma<\/a><\/h5>\t\t\t\t<\/div>\n\t\t\t\t<div class=\"elementor-element elementor-element-e420b3c cmsmasters-icon-arrangement-together cmsmasters-block-default cmsmasters-sticky-default elementor-widget elementor-widget-cmsmasters-button\" data-id=\"e420b3c\" data-element_type=\"widget\" data-e-type=\"widget\" data-widget_type=\"cmsmasters-button.default\">\n\t\t\t\t\t<div class=\"elementor-widget-cmsmasters-button__button-container\"><div class=\"elementor-widget-cmsmasters-button__button-container-inner\"><a href=\"https:\/\/myamritalife.com\/es\/bioidentical-hormone-replacement-therapy-bhrt\/elementor-44996\/\" class=\"cmsmasters-button-link elementor-widget-cmsmasters-button__button cmsmasters-icon-view-default cmsmasters-icon-shape- cmsmasters-button-size-sm\" role=\"button\" tabindex=\"0\"><span class=\"elementor-widget-cmsmasters-button__content-wrapper cmsmasters-align-icon-right\"><span class=\"elementor-widget-cmsmasters-button__icon\"><i aria-hidden=\"true\" class=\"cmsmsdemo-icon- cmsms-demo-icon-arrow\"><\/i><\/span><span class=\"elementor-widget-cmsmasters-button__text\">Leer m\u00e1s<\/span><\/span><\/a><\/div><\/div>\t\t\t\t<\/div>\n\t\t\t\t<\/div>\n\t\t\t\t\t\t<\/div>\r\n\t\t\t<\/div>\r\n\t\t<\/div><\/div><\/article><article id=\"post-44814\" class=\"cmsmasters-blog__post post-44814 post type-post status-publish format-standard has-post-thumbnail hentry category-beginners-guides category-bioidentical-hormone-replacement-therapy-bhrt category-functional-medicine category-hormone-optimization category-mens-health category-overall-wellness category-womens-health tag-andropause-treatment tag-bhrt tag-bhrt-for-menopause tag-bioidentical-hormone-replacement-therapy tag-bioidentical-hormones-hormone-therapy-for-women tag-dr-tania-espinal-krane tag-hormonal-imbalance tag-hormone-optimization tag-hormone-therapy-for-men tag-low-testosterone tag-menopause-relief tag-naples-fl-hormone-therapy tag-natural-hormone-therapy tag-telehealth-bhrt\"><div class=\"cmsmasters-blog__post-inner\"><div data-elementor-type=\"cmsmasters_entry\" data-elementor-id=\"168\" class=\"elementor elementor-168\">\t\t\t<div class=\"elementor-inner\">\r\n\t\t\t\t<div class=\"elementor-section-wrap\">\r\n\t\t\t\t\t<div class=\"elementor-element elementor-element-534dc56 e-con-full e-flex cmsmasters-block-default e-con e-parent\" data-id=\"534dc56\" data-element_type=\"container\" data-e-type=\"container\">\n\t\t\t\t<div class=\"elementor-element elementor-element-7ac16304 cmsmasters-object-fit cmsmasters-object-fit-cover cmsmasters-block-default cmsmasters-sticky-default elementor-widget elementor-widget-cmsmasters-post-featured-image cmsmasters-widget-image\" data-id=\"7ac16304\" data-element_type=\"widget\" data-e-type=\"widget\" data-widget_type=\"cmsmasters-post-featured-image.default\">\n\t\t\t\t\t<div class=\"cmsmasters-widget-image__wrap\"><a href=\"https:\/\/myamritalife.com\/es\/overall-wellness\/elementor-44814\/\" data-elementor-open-lightbox=\"\" aria-label=\"Featured Image\"><img decoding=\"async\" width=\"784\" height=\"1168\" src=\"https:\/\/myamritalife.com\/wp-content\/uploads\/2026\/01\/0b5bc268-956c-4a7f-b5c8-1a46514f1414.jpg\" class=\"attachment-full size-full wp-image-44820\" alt=\"\" srcset=\"https:\/\/myamritalife.com\/wp-content\/uploads\/2026\/01\/0b5bc268-956c-4a7f-b5c8-1a46514f1414.jpg 784w, https:\/\/myamritalife.com\/wp-content\/uploads\/2026\/01\/0b5bc268-956c-4a7f-b5c8-1a46514f1414-201x300.jpg 201w, https:\/\/myamritalife.com\/wp-content\/uploads\/2026\/01\/0b5bc268-956c-4a7f-b5c8-1a46514f1414-687x1024.jpg 687w, https:\/\/myamritalife.com\/wp-content\/uploads\/2026\/01\/0b5bc268-956c-4a7f-b5c8-1a46514f1414-768x1144.jpg 768w, https:\/\/myamritalife.com\/wp-content\/uploads\/2026\/01\/0b5bc268-956c-4a7f-b5c8-1a46514f1414-600x894.jpg 600w\" sizes=\"(max-width: 784px) 100vw, 784px\" \/><\/a><\/div>\t\t\t\t<\/div>\n\t\t\t\t<div class=\"elementor-element elementor-element-654b162a cmsmasters-count--dir-row cmsmasters-block-default cmsmasters-sticky-default elementor-widget elementor-widget-cmsmasters-meta-data\" data-id=\"654b162a\" data-element_type=\"widget\" data-e-type=\"widget\" data-widget_type=\"cmsmasters-meta-data.default\">\n\t\t\t\t\t\t\t<div class=\"cmsmasters-meta-data\">\r\n\t\t\t<div class=\"cmsmasters-meta-data__inner\">\r\n\t\t\t\t<div class=\"cmsmasters-meta-data__item elementor-repeater-item-2b7bd1c\"><div class=\"cmsmasters-meta-data__item__inner\"><span data-taxonomy=\"category\" class=\"cmsmasters-postmeta\" data-name=\"taxonomy\"><span class=\"cmsmasters-postmeta__inner\"><span class=\"cmsmasters-postmeta__content\"><span class=\"term-wrap\"><a class=\"term\" rel=\"category tag\" href=\"https:\/\/myamritalife.com\/es\/category\/beginners-guides\/\"><span>Gu\u00edas para principiantes<\/span><\/a><span class=\"item-sep\"><\/span><\/span><span class=\"term-wrap\"><a class=\"term\" rel=\"category tag\" href=\"https:\/\/myamritalife.com\/es\/category\/bioidentical-hormone-replacement-therapy-bhrt\/\"><span>Terapia de reemplazo hormonal bioid\u00e9ntica (BHRT)<\/span><\/a><span class=\"item-sep\"><\/span><\/span><span class=\"term-wrap\"><a class=\"term\" rel=\"category tag\" href=\"https:\/\/myamritalife.com\/es\/category\/functional-medicine\/\"><span>Medicina funcional<\/span><\/a><span class=\"item-sep\"><\/span><\/span><span class=\"term-wrap\"><a class=\"term\" rel=\"category tag\" href=\"https:\/\/myamritalife.com\/es\/category\/hormone-optimization\/\"><span>Optimizaci\u00f3n hormonal<\/span><\/a><span class=\"item-sep\"><\/span><\/span><span class=\"term-wrap\"><a class=\"term\" rel=\"category tag\" href=\"https:\/\/myamritalife.com\/es\/category\/mens-health\/\"><span>Salud masculina<\/span><\/a><span class=\"item-sep\"><\/span><\/span><span class=\"term-wrap\"><a class=\"term\" rel=\"category tag\" href=\"https:\/\/myamritalife.com\/es\/category\/overall-wellness\/\"><span>Bienestar general<\/span><\/a><span class=\"item-sep\"><\/span><\/span><span class=\"term-wrap\"><a class=\"term\" rel=\"category tag\" href=\"https:\/\/myamritalife.com\/es\/category\/womens-health\/\"><span>Salud femenina<\/span><\/a><span class=\"item-sep\"><\/span><\/span><\/span><\/span><\/span><\/div><\/div>\t\t\t<\/div>\r\n\t\t<\/div>\r\n\t\t\t\t\t\t<\/div>\n\t\t\t\t<div data-separate-animation-selector=\".cmsmasters-widget-title__heading\" data-text-animation-class=\"sequental, random, line, word, char\" class=\"elementor-element elementor-element-42140930 cmsmasters-line-clamp-yes cmsmasters-color-variation-default cmsmasters-pointer-none cmsmasters-block-default cmsmasters-sticky-default elementor-widget elementor-widget-cmsmasters-post-title cmsmasters-widget-title\" data-id=\"42140930\" data-element_type=\"widget\" data-e-type=\"widget\" data-widget_type=\"cmsmasters-post-title.default\">\n\t\t\t\t\t<h5 class=\"entry-title cmsmasters-widget-title__heading\" title=\"Comprender la terapia de reemplazo hormonal bioid\u00e9ntica: gu\u00eda para principiantes\"><a href=\"https:\/\/myamritalife.com\/es\/overall-wellness\/elementor-44814\/\">Comprender la terapia de reemplazo hormonal bioid\u00e9ntica: gu\u00eda para principiantes<\/a><\/h5>\t\t\t\t<\/div>\n\t\t\t\t<div class=\"elementor-element elementor-element-e420b3c cmsmasters-icon-arrangement-together cmsmasters-block-default cmsmasters-sticky-default elementor-widget elementor-widget-cmsmasters-button\" data-id=\"e420b3c\" data-element_type=\"widget\" data-e-type=\"widget\" data-widget_type=\"cmsmasters-button.default\">\n\t\t\t\t\t<div class=\"elementor-widget-cmsmasters-button__button-container\"><div class=\"elementor-widget-cmsmasters-button__button-container-inner\"><a href=\"https:\/\/myamritalife.com\/es\/overall-wellness\/elementor-44814\/\" class=\"cmsmasters-button-link elementor-widget-cmsmasters-button__button cmsmasters-icon-view-default cmsmasters-icon-shape- cmsmasters-button-size-sm\" role=\"button\" tabindex=\"0\"><span class=\"elementor-widget-cmsmasters-button__content-wrapper cmsmasters-align-icon-right\"><span class=\"elementor-widget-cmsmasters-button__icon\"><i aria-hidden=\"true\" class=\"cmsmsdemo-icon- cmsms-demo-icon-arrow\"><\/i><\/span><span class=\"elementor-widget-cmsmasters-button__text\">Leer m\u00e1s<\/span><\/span><\/a><\/div><\/div>\t\t\t\t<\/div>\n\t\t\t\t<\/div>\n\t\t\t\t\t\t<\/div>\r\n\t\t\t<\/div>\r\n\t\t<\/div><\/div><\/article><\/div><\/div><\/div><\/div>\t\t\t\t<\/div>\n\t\t\t\t\t<\/div>\n\t\t\t\t<\/div>\n\t\t\t\t<\/div>","protected":false},"excerpt":{"rendered":"<p>Home\/No breadcrumbs<\/p>","protected":false},"author":1,"featured_media":0,"parent":0,"menu_order":0,"comment_status":"closed","ping_status":"closed","template":"","meta":{"_acf_changed":false,"footnotes":""},"class_list":["post-34977","page","type-page","status-publish","hentry"],"acf":[],"_links":{"self":[{"href":"https:\/\/myamritalife.com\/es\/wp-json\/wp\/v2\/pages\/34977","targetHints":{"allow":["GET"]}}],"collection":[{"href":"https:\/\/myamritalife.com\/es\/wp-json\/wp\/v2\/pages"}],"about":[{"href":"https:\/\/myamritalife.com\/es\/wp-json\/wp\/v2\/types\/page"}],"author":[{"embeddable":true,"href":"https:\/\/myamritalife.com\/es\/wp-json\/wp\/v2\/users\/1"}],"replies":[{"embeddable":true,"href":"https:\/\/myamritalife.com\/es\/wp-json\/wp\/v2\/comments?post=34977"}],"version-history":[{"count":0,"href":"https:\/\/myamritalife.com\/es\/wp-json\/wp\/v2\/pages\/34977\/revisions"}],"wp:attachment":[{"href":"https:\/\/myamritalife.com\/es\/wp-json\/wp\/v2\/media?parent=34977"}],"curies":[{"name":"wp","href":"https:\/\/api.w.org\/{rel}","templated":true}]}}